{"id":477,"date":"2016-09-29T20:53:39","date_gmt":"2016-09-29T17:53:39","guid":{"rendered":"http:\/\/www.wineconnection.fi\/?page_id=477"},"modified":"2016-11-22T22:45:05","modified_gmt":"2016-11-22T19:45:05","slug":"chateau-yquem-2008","status":"publish","type":"page","link":"https:\/\/www.wineconnection.fi\/en\/wblogit\/yksittaiset-viiniarviot\/chateau-yquem-2008\/","title":{"rendered":"Ch\u00e2teau Yquem 2008"},"content":{"rendered":"<p>wBlog: YV1-a-M<\/p>\n<p>Saturday 3.9.2016 was the long-waited day when me and three friends of mine (Timo L\u00e4ms\u00e4, Mika Kokko, Jaakko Alatypp\u00f6) opened Ch\u00e2teau Yquem vintage 2008. Half a bottle was bought from www.wein-bastion.de at price of 130\u20ac.<\/p>\n<p><a href=\"https:\/\/i0.wp.com\/www.wineconnection.fi\/wp-content\/uploads\/2016\/09\/wp-1475149158084.jpg?ssl=1\"><img data-recalc-dims=\"1\" loading=\"lazy\" decoding=\"async\" data-attachment-id=\"476\" data-permalink=\"https:\/\/www.wineconnection.fi\/en\/wblogit\/yksittaiset-viiniarviot\/chateau-yquem-2008\/attachment\/wp-1475149158084-jpg\/\" data-orig-file=\"https:\/\/i0.wp.com\/www.wineconnection.fi\/wp-content\/uploads\/2016\/09\/wp-1475149158084.jpg?fit=747%2C1328&amp;ssl=1\" data-orig-size=\"747,1328\" data-comments-opened=\"1\" data-image-meta=\"{&quot;aperture&quot;:&quot;0&quot;,&quot;credit&quot;:&quot;&quot;,&quot;camera&quot;:&quot;&quot;,&quot;caption&quot;:&quot;&quot;,&quot;created_timestamp&quot;:&quot;0&quot;,&quot;copyright&quot;:&quot;&quot;,&quot;focal_length&quot;:&quot;0&quot;,&quot;iso&quot;:&quot;0&quot;,&quot;shutter_speed&quot;:&quot;0&quot;,&quot;title&quot;:&quot;&quot;,&quot;orientation&quot;:&quot;0&quot;}\" data-image-title=\"wp-1475149158084.jpg\" data-image-description=\"\" data-image-caption=\"\" data-medium-file=\"https:\/\/i0.wp.com\/www.wineconnection.fi\/wp-content\/uploads\/2016\/09\/wp-1475149158084.jpg?fit=169%2C300&amp;ssl=1\" data-large-file=\"https:\/\/i0.wp.com\/www.wineconnection.fi\/wp-content\/uploads\/2016\/09\/wp-1475149158084.jpg?fit=576%2C1024&amp;ssl=1\" class=\"wp-image-476 alignleft\" src=\"https:\/\/i0.wp.com\/www.wineconnection.fi\/wp-content\/uploads\/2016\/09\/wp-1475149158084.jpg?resize=174%2C309&#038;ssl=1\" alt=\"wp-1475149158084.jpg\" width=\"174\" height=\"309\" srcset=\"https:\/\/i0.wp.com\/www.wineconnection.fi\/wp-content\/uploads\/2016\/09\/wp-1475149158084.jpg?resize=576%2C1024&amp;ssl=1 576w, https:\/\/i0.wp.com\/www.wineconnection.fi\/wp-content\/uploads\/2016\/09\/wp-1475149158084.jpg?resize=169%2C300&amp;ssl=1 169w, https:\/\/i0.wp.com\/www.wineconnection.fi\/wp-content\/uploads\/2016\/09\/wp-1475149158084.jpg?w=747&amp;ssl=1 747w\" sizes=\"auto, (max-width: 174px) 100vw, 174px\" \/><\/a><\/p>\n<p>The bottle was chilled to 9 degrees, since the wine was still young. We had Riedel Veritas Riesling\/Zinfandel and Chardonnay\/Viognier -glasses which we changed in the middle of the tasting. Both glasses gave different flavors and aromas. Which was better &#8211; well that was matter of opinion, however Riesling-glass seemed to be a bit better.<\/p>\n<p>The portions were weighted carefully &#8211; the nectarine did cost about 2,5\u20ac per gram. Timo had praised Yquem so much before hand as he had tasted it at a cruise to Stockholm, that you could even wait for a miracle from tasting it.<\/p>\n<p>&nbsp;<\/p>\n<p>Conclusion: Expectations were a bit too high, however there are very few wines taking an hour to drink only a 9cl amount. The wine was full of exotic fruits and the aromas of wine changed all the time in the glass, since it&#8217;s relatively young wine as a Yquem. I could also find vanilla in the wine -no wonder since it has spent 42 months in new oak. Compared to other Sauternes-wines, Yquem exploded in the mouth giving strong spectrum of aromas staying there forever. Not only was the wine excellent, but it was in its own category. It was Ch\u00e2teau Yquem.<\/p>\n<p><em>Markus Laukkanen 29.9.2016<\/em><\/p>\n<p><span style=\"color: #3366ff;\">Wine information<br \/>\n<\/span><\/p>\n<p><em>Purchased \/ price \/ size: <span style=\"color: #3366ff;\">Wein-Bastion.de \/ 130\u20ac\u00a0 \/ 0.375l<\/span><br \/>\n<\/em><\/p>\n<p><em>Grape Variety: <span style=\"color: #3366ff;\">Semillon 80%, Sauvignon Blanc 20% <\/span><\/em><\/p>\n<p><em>Professional review: <span style=\"color: #3366ff;\">96 pts &#8211; Neal Martin Wine Advocate\u00a0<\/span><\/em><\/p>\n<p><em>Anticipated maturity: <span style=\"color: #3366ff;\">2014 &#8211; 2050<\/span><\/em><\/p>\n","protected":false},"excerpt":{"rendered":"<p>wBlog: YV1-a-M Saturday 3.9.2016 was the long-waited day when me and three friends of mine (Timo L\u00e4ms\u00e4, Mika Kokko, Jaakko Alatypp\u00f6) opened Ch\u00e2teau Yquem vintage 2008. Half a bottle was bought from www.wein-bastion.de at price of 130\u20ac. The bottle was chilled to 9 degrees, since the wine was still young. We had Riedel Veritas Riesling\/Zinfandel and Chardonnay\/Viognier -glasses which we<\/p>\n<p><a class=\"more-link\" href=\"https:\/\/www.wineconnection.fi\/en\/wblogit\/yksittaiset-viiniarviot\/chateau-yquem-2008\/\">Read More<\/a><\/p>\n","protected":false},"author":1,"featured_media":0,"parent":201,"menu_order":0,"comment_status":"closed","ping_status":"closed","template":"","meta":{"jetpack_post_was_ever_published":false,"footnotes":""},"class_list":["post-477","page","type-page","status-publish","hentry"],"jetpack_shortlink":"https:\/\/wp.me\/P7I1hg-7H","jetpack-related-posts":[],"jetpack_likes_enabled":false,"jetpack_sharing_enabled":true,"_links":{"self":[{"href":"https:\/\/www.wineconnection.fi\/en\/wp-json\/wp\/v2\/pages\/477","targetHints":{"allow":["GET"]}}],"collection":[{"href":"https:\/\/www.wineconnection.fi\/en\/wp-json\/wp\/v2\/pages"}],"about":[{"href":"https:\/\/www.wineconnection.fi\/en\/wp-json\/wp\/v2\/types\/page"}],"author":[{"embeddable":true,"href":"https:\/\/www.wineconnection.fi\/en\/wp-json\/wp\/v2\/users\/1"}],"replies":[{"embeddable":true,"href":"https:\/\/www.wineconnection.fi\/en\/wp-json\/wp\/v2\/comments?post=477"}],"version-history":[{"count":15,"href":"https:\/\/www.wineconnection.fi\/en\/wp-json\/wp\/v2\/pages\/477\/revisions"}],"predecessor-version":[{"id":758,"href":"https:\/\/www.wineconnection.fi\/en\/wp-json\/wp\/v2\/pages\/477\/revisions\/758"}],"up":[{"embeddable":true,"href":"https:\/\/www.wineconnection.fi\/en\/wp-json\/wp\/v2\/pages\/201"}],"wp:attachment":[{"href":"https:\/\/www.wineconnection.fi\/en\/wp-json\/wp\/v2\/media?parent=477"}],"curies":[{"name":"wp","href":"https:\/\/api.w.org\/{rel}","templated":true}]}}